{"id":70,"date":"2017-09-04T12:40:16","date_gmt":"2017-09-04T10:40:16","guid":{"rendered":"https:\/\/pomocdrogowa-matbed.pl\/oferta\/?page_id=70"},"modified":"2025-08-08T08:17:40","modified_gmt":"2025-08-08T06:17:40","slug":"oferta","status":"publish","type":"page","link":"https:\/\/pomocdrogowa-matbed.pl\/oferta\/","title":{"rendered":"Oferta"},"content":{"rendered":"<section class=\"l-section wpb_row height_small color_alternate\"><div class=\"l-section-h i-cf\"><div class=\"g-cols vc_row via_flex valign_top type_default stacking_default\"><div class=\"vc_col-sm-12 wpb_column vc_column_container has_text_color\"><div class=\"vc_column-inner us_custom_6df4bc3a\"><div class=\"wpb_wrapper\"><div class=\"wpb_text_column\"><div class=\"wpb_wrapper\"><h1>Oferta<\/h1>\n<\/div><\/div><\/div><\/div><\/div><\/div><\/div><\/section><section class=\"l-section wpb_row height_medium\"><div class=\"l-section-h i-cf\"><div class=\"g-cols vc_row via_flex valign_top type_default stacking_default\"><div class=\"vc_col-sm-12 wpb_column vc_column_container\"><div class=\"vc_column-inner\"><div class=\"wpb_wrapper\"><div class=\"w-grid type_grid layout_2115 cols_3 pagination_regular overflow_hidden\" id=\"us_grid_1\" style=\"--columns:3;--gap:1rem;\" data-filterable=\"true\"><style>@media (max-width:1024px){#us_grid_1{--columns:2!important}}@media (max-width:600px){#us_grid_1{--columns:1!important}}.layout_2115 .w-grid-item-h{background:var(--color-content-bg);color:var(--color-content-text);border-radius:1rem;box-shadow:0 0.1rem 0.2rem rgba(0,0,0,0.1),0 0.33rem 1rem rgba(0,0,0,0.1);transition-duration:0.3s}.no-touch .layout_2115 .w-grid-item-h:hover{box-shadow:0 0.15rem 0.3rem rgba(0,0,0,0.1),0 0.5rem 1.5rem rgba(0,0,0,0.15);z-index:4}.layout_2115 .usg_vwrapper_1{color:var(--color-header-middle-bg)!important;height:100%!important;background:rgb(31,41,55)!important}.layout_2115 .usg_post_title_1{text-align:center!important;font-size:1.6rem!important;font-weight:600!important;text-transform:uppercase!important;padding:1.4rem 1.6rem 1.4rem 1.6rem!important}@media (min-width:1025px) and (max-width:1380px){.layout_2115 .usg_post_title_1{padding:1rem 1.5rem 1rem 1.5rem!important}}@media (min-width:601px) and (max-width:1024px){.layout_2115 .usg_post_title_1{padding:1rem!important}}@media (max-width:600px){.layout_2115 .usg_post_title_1{padding:1rem .5rem 1rem .5rem!important}}<\/style><div class=\"w-grid-list\">\t<article class=\"w-grid-item size_1x1 post-3527 post type-post status-publish format-standard has-post-thumbnail hentry category-news\" data-id=\"3527\">\r\n\t\t<div class=\"w-grid-item-h\">\r\n\t\t\t\t\t\t<div class=\"w-vwrapper usg_vwrapper_1 has_text_color align_center valign_top\" style=\"--vwrapper-gap:0px\"><h2 class=\"w-post-elm post_title usg_post_title_1 align_left entry-title color_link_inherit\"><a href=\"https:\/\/pomocdrogowa-matbed.pl\/oferta\/awaryjne-otwieranie-samochodu-czestochowa\/\">Awaryjne otwieranie samochodu Cz\u0119stochowa<\/a><\/h2><\/div>\t\t<\/div>\r\n\t\t\t<\/article>\r\n\t<article class=\"w-grid-item size_1x1 post-3523 post type-post status-publish format-standard has-post-thumbnail hentry category-news\" data-id=\"3523\">\r\n\t\t<div class=\"w-grid-item-h\">\r\n\t\t\t\t\t\t<div class=\"w-vwrapper usg_vwrapper_1 has_text_color align_center valign_top\" style=\"--vwrapper-gap:0px\"><h2 class=\"w-post-elm post_title usg_post_title_1 align_left entry-title color_link_inherit\"><a href=\"https:\/\/pomocdrogowa-matbed.pl\/oferta\/awaryjne-uruchamianie-samochodu-czestochowa\/\">Awaryjne uruchamianie samochodu Cz\u0119stochowa<\/a><\/h2><\/div>\t\t<\/div>\r\n\t\t\t<\/article>\r\n\t<article class=\"w-grid-item size_1x1 post-3520 post type-post status-publish format-standard has-post-thumbnail hentry category-news\" data-id=\"3520\">\r\n\t\t<div class=\"w-grid-item-h\">\r\n\t\t\t\t\t\t<div class=\"w-vwrapper usg_vwrapper_1 has_text_color align_center valign_top\" style=\"--vwrapper-gap:0px\"><h2 class=\"w-post-elm post_title usg_post_title_1 align_left entry-title color_link_inherit\"><a href=\"https:\/\/pomocdrogowa-matbed.pl\/oferta\/transport-samochodow-czestochowa\/\">Transport samochod\u00f3w Cz\u0119stochowa<\/a><\/h2><\/div>\t\t<\/div>\r\n\t\t\t<\/article>\r\n\t<article class=\"w-grid-item size_1x1 post-3513 post type-post status-publish format-standard has-post-thumbnail hentry category-news\" data-id=\"3513\">\r\n\t\t<div class=\"w-grid-item-h\">\r\n\t\t\t\t\t\t<div class=\"w-vwrapper usg_vwrapper_1 has_text_color align_center valign_top\" style=\"--vwrapper-gap:0px\"><h2 class=\"w-post-elm post_title usg_post_title_1 align_left entry-title color_link_inherit\"><a href=\"https:\/\/pomocdrogowa-matbed.pl\/oferta\/autolaweta-czestochowa\/\">Autolaweta Cz\u0119stochowa<\/a><\/h2><\/div>\t\t<\/div>\r\n\t\t\t<\/article>\r\n\t<article class=\"w-grid-item size_1x1 post-3510 post type-post status-publish format-standard has-post-thumbnail hentry category-news\" data-id=\"3510\">\r\n\t\t<div class=\"w-grid-item-h\">\r\n\t\t\t\t\t\t<div class=\"w-vwrapper usg_vwrapper_1 has_text_color align_center valign_top\" style=\"--vwrapper-gap:0px\"><h2 class=\"w-post-elm post_title usg_post_title_1 align_left entry-title color_link_inherit\"><a href=\"https:\/\/pomocdrogowa-matbed.pl\/oferta\/laweta-czestochowa\/\">Laweta Cz\u0119stochowa<\/a><\/h2><\/div>\t\t<\/div>\r\n\t\t\t<\/article>\r\n\t<article class=\"w-grid-item size_1x1 post-3508 post type-post status-publish format-standard has-post-thumbnail hentry category-news\" data-id=\"3508\">\r\n\t\t<div class=\"w-grid-item-h\">\r\n\t\t\t\t\t\t<div class=\"w-vwrapper usg_vwrapper_1 has_text_color align_center valign_top\" style=\"--vwrapper-gap:0px\"><h2 class=\"w-post-elm post_title usg_post_title_1 align_left entry-title color_link_inherit\"><a href=\"https:\/\/pomocdrogowa-matbed.pl\/oferta\/holowanie-auta-czestochowa\/\">Holowanie auta Cz\u0119stochowa<\/a><\/h2><\/div>\t\t<\/div>\r\n\t\t\t<\/article>\r\n\t<article class=\"w-grid-item size_1x1 post-3505 post type-post status-publish format-standard has-post-thumbnail hentry category-news\" data-id=\"3505\">\r\n\t\t<div class=\"w-grid-item-h\">\r\n\t\t\t\t\t\t<div class=\"w-vwrapper usg_vwrapper_1 has_text_color align_center valign_top\" style=\"--vwrapper-gap:0px\"><h2 class=\"w-post-elm post_title usg_post_title_1 align_left entry-title color_link_inherit\"><a href=\"https:\/\/pomocdrogowa-matbed.pl\/oferta\/pomoc-drogowa-24h-czestochowa\/\">Pomoc drogowa 24h Cz\u0119stochowa<\/a><\/h2><\/div>\t\t<\/div>\r\n\t\t\t<\/article>\r\n<\/div><div class=\"w-grid-preloader\">\t<div class=\"g-preloader type_1\">\r\n\t\t<div><\/div>\r\n\t<\/div>\r\n\t<\/div>\t<div class=\"w-grid-json hidden\" onclick='return {&quot;action&quot;:&quot;us_ajax_grid&quot;,&quot;infinite_scroll&quot;:0,&quot;max_num_pages&quot;:1,&quot;pagination&quot;:&quot;regular&quot;,&quot;template_vars&quot;:{&quot;columns&quot;:&quot;3&quot;,&quot;exclude_items&quot;:&quot;none&quot;,&quot;img_size&quot;:&quot;default&quot;,&quot;ignore_items_size&quot;:0,&quot;items_layout&quot;:&quot;2115&quot;,&quot;items_offset&quot;:&quot;1&quot;,&quot;load_animation&quot;:&quot;none&quot;,&quot;overriding_link&quot;:&quot;%7B%22url%22%3A%22%22%7D&quot;,&quot;post_id&quot;:0,&quot;query_args&quot;:{&quot;post_type&quot;:[&quot;post&quot;],&quot;tax_query&quot;:[{&quot;taxonomy&quot;:&quot;category&quot;,&quot;field&quot;:&quot;slug&quot;,&quot;terms&quot;:[&quot;news&quot;]}],&quot;post_status&quot;:[&quot;publish&quot;,&quot;acf-disabled&quot;],&quot;posts_per_page&quot;:&quot;999&quot;},&quot;orderby_query_args&quot;:{&quot;orderby&quot;:{&quot;date&quot;:&quot;DESC&quot;}},&quot;type&quot;:&quot;grid&quot;,&quot;us_grid_post_type&quot;:&quot;post&quot;,&quot;us_grid_ajax_index&quot;:1,&quot;us_grid_filter_query_string&quot;:null,&quot;us_grid_index&quot;:1,&quot;page_args&quot;:[]}}'><\/div>\r\n\t<\/div><\/div><\/div><\/div><\/div><\/div><\/section>\n","protected":false},"excerpt":{"rendered":"Dlaczego warto wybra\u0107 pomoc drogow\u0105 24h w nag\u0142ych przypadkach? Gdy zdarzaj\u0105 si\u0119 nieprzewidziane sytuacje na drodze, szybka i niezawodna pomoc drogowa 24h jest kluczowym elementem, kt\u00f3ry mo\u017ce uchroni\u0107 kierowc\u0119 przed dalszymi problemami. Nag\u0142e awarie, kolizje czy inne zdarzenia na drodze mog\u0105 przytrafi\u0107 si\u0119 ka\u017cdemu, niezale\u017cnie od do\u015bwiadczenia za kierownic\u0105. Wa\u017cne jest, aby wiedzie\u0107, \u017ce istniej\u0105...","protected":false},"author":1,"featured_media":0,"parent":0,"menu_order":0,"comment_status":"closed","ping_status":"closed","template":"","meta":{"footnotes":""},"class_list":["post-70","page","type-page","status-publish","hentry"],"yoast_head":"<!-- This site is optimized with the Yoast SEO plugin v27.6 - https:\/\/yoast.com\/product\/yoast-seo-wordpress\/ -->\n<title>Oferta - MATBED Auto Hol<\/title>\n<meta name=\"robots\" content=\"index, follow, max-snippet:-1, max-image-preview:large, max-video-preview:-1\" \/>\n<link rel=\"canonical\" href=\"https:\/\/pomocdrogowa-matbed.pl\/oferta\/\" \/>\n<meta name=\"twitter:label1\" content=\"Szacowany czas czytania\" \/>\n\t<meta name=\"twitter:data1\" content=\"1 minuta\" \/>\n<script type=\"application\/ld+json\" class=\"yoast-schema-graph\">{\"@context\":\"https:\\\/\\\/schema.org\",\"@graph\":[{\"@type\":\"WebPage\",\"@id\":\"https:\\\/\\\/pomocdrogowa-matbed.pl\\\/oferta\\\/\",\"url\":\"https:\\\/\\\/pomocdrogowa-matbed.pl\\\/oferta\\\/\",\"name\":\"Oferta - MATBED Auto Hol\",\"isPartOf\":{\"@id\":\"https:\\\/\\\/pomocdrogowa-matbed.pl\\\/oferta\\\/#website\"},\"datePublished\":\"2017-09-04T10:40:16+00:00\",\"dateModified\":\"2025-08-08T06:17:40+00:00\",\"breadcrumb\":{\"@id\":\"https:\\\/\\\/pomocdrogowa-matbed.pl\\\/oferta\\\/#breadcrumb\"},\"inLanguage\":\"pl-PL\",\"potentialAction\":[{\"@type\":\"ReadAction\",\"target\":[\"https:\\\/\\\/pomocdrogowa-matbed.pl\\\/oferta\\\/\"]}]},{\"@type\":\"BreadcrumbList\",\"@id\":\"https:\\\/\\\/pomocdrogowa-matbed.pl\\\/oferta\\\/#breadcrumb\",\"itemListElement\":[{\"@type\":\"ListItem\",\"position\":1,\"name\":\"Strona g\u0142\u00f3wna\",\"item\":\"https:\\\/\\\/pomocdrogowa-matbed.pl\\\/oferta\\\/\"},{\"@type\":\"ListItem\",\"position\":2,\"name\":\"Oferta\"}]},{\"@type\":\"WebSite\",\"@id\":\"https:\\\/\\\/pomocdrogowa-matbed.pl\\\/oferta\\\/#website\",\"url\":\"https:\\\/\\\/pomocdrogowa-matbed.pl\\\/oferta\\\/\",\"name\":\"MATBED Auto Hol\",\"description\":\"\",\"potentialAction\":[{\"@type\":\"SearchAction\",\"target\":{\"@type\":\"EntryPoint\",\"urlTemplate\":\"https:\\\/\\\/pomocdrogowa-matbed.pl\\\/oferta\\\/?s={search_term_string}\"},\"query-input\":{\"@type\":\"PropertyValueSpecification\",\"valueRequired\":true,\"valueName\":\"search_term_string\"}}],\"inLanguage\":\"pl-PL\"}]}<\/script>\n<!-- \/ Yoast SEO plugin. -->","yoast_head_json":{"title":"Oferta - MATBED Auto Hol","robots":{"index":"index","follow":"follow","max-snippet":"max-snippet:-1","max-image-preview":"max-image-preview:large","max-video-preview":"max-video-preview:-1"},"canonical":"https:\/\/pomocdrogowa-matbed.pl\/oferta\/","twitter_misc":{"Szacowany czas czytania":"1 minuta"},"schema":{"@context":"https:\/\/schema.org","@graph":[{"@type":"WebPage","@id":"https:\/\/pomocdrogowa-matbed.pl\/oferta\/","url":"https:\/\/pomocdrogowa-matbed.pl\/oferta\/","name":"Oferta - MATBED Auto Hol","isPartOf":{"@id":"https:\/\/pomocdrogowa-matbed.pl\/oferta\/#website"},"datePublished":"2017-09-04T10:40:16+00:00","dateModified":"2025-08-08T06:17:40+00:00","breadcrumb":{"@id":"https:\/\/pomocdrogowa-matbed.pl\/oferta\/#breadcrumb"},"inLanguage":"pl-PL","potentialAction":[{"@type":"ReadAction","target":["https:\/\/pomocdrogowa-matbed.pl\/oferta\/"]}]},{"@type":"BreadcrumbList","@id":"https:\/\/pomocdrogowa-matbed.pl\/oferta\/#breadcrumb","itemListElement":[{"@type":"ListItem","position":1,"name":"Strona g\u0142\u00f3wna","item":"https:\/\/pomocdrogowa-matbed.pl\/oferta\/"},{"@type":"ListItem","position":2,"name":"Oferta"}]},{"@type":"WebSite","@id":"https:\/\/pomocdrogowa-matbed.pl\/oferta\/#website","url":"https:\/\/pomocdrogowa-matbed.pl\/oferta\/","name":"MATBED Auto Hol","description":"","potentialAction":[{"@type":"SearchAction","target":{"@type":"EntryPoint","urlTemplate":"https:\/\/pomocdrogowa-matbed.pl\/oferta\/?s={search_term_string}"},"query-input":{"@type":"PropertyValueSpecification","valueRequired":true,"valueName":"search_term_string"}}],"inLanguage":"pl-PL"}]}},"_links":{"self":[{"href":"https:\/\/pomocdrogowa-matbed.pl\/oferta\/wp-json\/wp\/v2\/pages\/70","targetHints":{"allow":["GET"]}}],"collection":[{"href":"https:\/\/pomocdrogowa-matbed.pl\/oferta\/wp-json\/wp\/v2\/pages"}],"about":[{"href":"https:\/\/pomocdrogowa-matbed.pl\/oferta\/wp-json\/wp\/v2\/types\/page"}],"author":[{"embeddable":true,"href":"https:\/\/pomocdrogowa-matbed.pl\/oferta\/wp-json\/wp\/v2\/users\/1"}],"replies":[{"embeddable":true,"href":"https:\/\/pomocdrogowa-matbed.pl\/oferta\/wp-json\/wp\/v2\/comments?post=70"}],"version-history":[{"count":64,"href":"https:\/\/pomocdrogowa-matbed.pl\/oferta\/wp-json\/wp\/v2\/pages\/70\/revisions"}],"predecessor-version":[{"id":3501,"href":"https:\/\/pomocdrogowa-matbed.pl\/oferta\/wp-json\/wp\/v2\/pages\/70\/revisions\/3501"}],"wp:attachment":[{"href":"https:\/\/pomocdrogowa-matbed.pl\/oferta\/wp-json\/wp\/v2\/media?parent=70"}],"curies":[{"name":"wp","href":"https:\/\/api.w.org\/{rel}","templated":true}]}}